{"id":1505,"date":"2019-06-14T11:55:00","date_gmt":"2019-06-14T09:55:00","guid":{"rendered":"https:\/\/svjetlish.com\/?page_id=1505"},"modified":"2019-08-21T17:58:00","modified_gmt":"2019-08-21T15:58:00","slug":"kontakt-2","status":"publish","type":"page","link":"https:\/\/svjetlish.com\/en\/kontakt-2\/","title":{"rendered":"Kontakt"},"content":{"rendered":"","protected":false},"excerpt":{"rendered":"","protected":false},"author":2,"featured_media":0,"parent":0,"menu_order":0,"comment_status":"closed","ping_status":"closed","template":"","meta":{"footnotes":""},"yoast_head":"<!-- This site is optimized with the Yoast SEO plugin v20.13 - https:\/\/yoast.com\/wordpress\/plugins\/seo\/ -->\n<title>Kontakt - Svjetlish | Digitalni marketing | izrada Web Stranica | SEO<\/title>\n<meta name=\"description\" content=\"Svjetlish Marketing i usluge - Kontakt info@svjetlish.com | Izrada Web stranica | SEO | Dru\u0161tvene mre\u017ee | Njema\u010dki jezik | Google Ads\" \/>\n<meta name=\"robots\" content=\"index, follow, max-snippet:-1, max-image-preview:large, max-video-preview:-1\" \/>\n<link rel=\"canonical\" href=\"https:\/\/svjetlish.com\/en\/kontakt-2\/\" \/>\n<meta property=\"og:locale\" content=\"en_US\" \/>\n<meta property=\"og:type\" content=\"article\" \/>\n<meta property=\"og:title\" content=\"Kontakt - Svjetlish | Digitalni marketing | izrada Web Stranica | SEO\" \/>\n<meta property=\"og:description\" content=\"Svjetlish Marketing i usluge - Kontakt info@svjetlish.com | Izrada Web stranica | SEO | Dru\u0161tvene mre\u017ee | Njema\u010dki jezik | Google Ads\" \/>\n<meta property=\"og:url\" content=\"https:\/\/svjetlish.com\/en\/kontakt-2\/\" \/>\n<meta property=\"og:site_name\" content=\"Svjetlish\" \/>\n<meta property=\"article:modified_time\" content=\"2019-08-21T15:58:00+00:00\" \/>\n<meta name=\"twitter:card\" content=\"summary_large_image\" \/>\n<script type=\"application\/ld+json\" class=\"yoast-schema-graph\">{\"@context\":\"https:\/\/schema.org\",\"@graph\":[{\"@type\":\"WebPage\",\"@id\":\"https:\/\/svjetlish.com\/en\/kontakt-2\/\",\"url\":\"https:\/\/svjetlish.com\/en\/kontakt-2\/\",\"name\":\"Kontakt - Svjetlish | Digitalni marketing | izrada Web Stranica | SEO\",\"isPartOf\":{\"@id\":\"https:\/\/svjetlish.com\/en\/#website\"},\"datePublished\":\"2019-06-14T09:55:00+00:00\",\"dateModified\":\"2019-08-21T15:58:00+00:00\",\"description\":\"Svjetlish Marketing i usluge - Kontakt info@svjetlish.com | Izrada Web stranica | SEO | Dru\u0161tvene mre\u017ee | Njema\u010dki jezik | Google Ads\",\"breadcrumb\":{\"@id\":\"https:\/\/svjetlish.com\/en\/kontakt-2\/#breadcrumb\"},\"inLanguage\":\"en-US\",\"potentialAction\":[{\"@type\":\"ReadAction\",\"target\":[\"https:\/\/svjetlish.com\/en\/kontakt-2\/\"]}]},{\"@type\":\"BreadcrumbList\",\"@id\":\"https:\/\/svjetlish.com\/en\/kontakt-2\/#breadcrumb\",\"itemListElement\":[{\"@type\":\"ListItem\",\"position\":1,\"name\":\"Home\",\"item\":\"https:\/\/svjetlish.com\/en\/\"},{\"@type\":\"ListItem\",\"position\":2,\"name\":\"Kontakt\"}]},{\"@type\":\"WebSite\",\"@id\":\"https:\/\/svjetlish.com\/en\/#website\",\"url\":\"https:\/\/svjetlish.com\/en\/\",\"name\":\"Svjetlish\",\"description\":\"Svjetlish\",\"potentialAction\":[{\"@type\":\"SearchAction\",\"target\":{\"@type\":\"EntryPoint\",\"urlTemplate\":\"https:\/\/svjetlish.com\/en\/?s={search_term_string}\"},\"query-input\":\"required name=search_term_string\"}],\"inLanguage\":\"en-US\"}]}<\/script>\n<!-- \/ Yoast SEO plugin. -->","yoast_head_json":{"title":"Kontakt - Svjetlish | Digitalni marketing | izrada Web Stranica | SEO","description":"Svjetlish Marketing i usluge - Kontakt info@svjetlish.com | Izrada Web stranica | SEO | Dru\u0161tvene mre\u017ee | Njema\u010dki jezik | Google Ads","robots":{"index":"index","follow":"follow","max-snippet":"max-snippet:-1","max-image-preview":"max-image-preview:large","max-video-preview":"max-video-preview:-1"},"canonical":"https:\/\/svjetlish.com\/en\/kontakt-2\/","og_locale":"en_US","og_type":"article","og_title":"Kontakt - Svjetlish | Digitalni marketing | izrada Web Stranica | SEO","og_description":"Svjetlish Marketing i usluge - Kontakt info@svjetlish.com | Izrada Web stranica | SEO | Dru\u0161tvene mre\u017ee | Njema\u010dki jezik | Google Ads","og_url":"https:\/\/svjetlish.com\/en\/kontakt-2\/","og_site_name":"Svjetlish","article_modified_time":"2019-08-21T15:58:00+00:00","twitter_card":"summary_large_image","schema":{"@context":"https:\/\/schema.org","@graph":[{"@type":"WebPage","@id":"https:\/\/svjetlish.com\/en\/kontakt-2\/","url":"https:\/\/svjetlish.com\/en\/kontakt-2\/","name":"Kontakt - Svjetlish | Digitalni marketing | izrada Web Stranica | SEO","isPartOf":{"@id":"https:\/\/svjetlish.com\/en\/#website"},"datePublished":"2019-06-14T09:55:00+00:00","dateModified":"2019-08-21T15:58:00+00:00","description":"Svjetlish Marketing i usluge - Kontakt info@svjetlish.com | Izrada Web stranica | SEO | Dru\u0161tvene mre\u017ee | Njema\u010dki jezik | Google Ads","breadcrumb":{"@id":"https:\/\/svjetlish.com\/en\/kontakt-2\/#breadcrumb"},"inLanguage":"en-US","potentialAction":[{"@type":"ReadAction","target":["https:\/\/svjetlish.com\/en\/kontakt-2\/"]}]},{"@type":"BreadcrumbList","@id":"https:\/\/svjetlish.com\/en\/kontakt-2\/#breadcrumb","itemListElement":[{"@type":"ListItem","position":1,"name":"Home","item":"https:\/\/svjetlish.com\/en\/"},{"@type":"ListItem","position":2,"name":"Kontakt"}]},{"@type":"WebSite","@id":"https:\/\/svjetlish.com\/en\/#website","url":"https:\/\/svjetlish.com\/en\/","name":"Svjetlish","description":"Svjetlish","potentialAction":[{"@type":"SearchAction","target":{"@type":"EntryPoint","urlTemplate":"https:\/\/svjetlish.com\/en\/?s={search_term_string}"},"query-input":"required name=search_term_string"}],"inLanguage":"en-US"}]}},"_links":{"self":[{"href":"https:\/\/svjetlish.com\/en\/wp-json\/wp\/v2\/pages\/1505"}],"collection":[{"href":"https:\/\/svjetlish.com\/en\/wp-json\/wp\/v2\/pages"}],"about":[{"href":"https:\/\/svjetlish.com\/en\/wp-json\/wp\/v2\/types\/page"}],"author":[{"embeddable":true,"href":"https:\/\/svjetlish.com\/en\/wp-json\/wp\/v2\/users\/2"}],"replies":[{"embeddable":true,"href":"https:\/\/svjetlish.com\/en\/wp-json\/wp\/v2\/comments?post=1505"}],"version-history":[{"count":1,"href":"https:\/\/svjetlish.com\/en\/wp-json\/wp\/v2\/pages\/1505\/revisions"}],"predecessor-version":[{"id":1571,"href":"https:\/\/svjetlish.com\/en\/wp-json\/wp\/v2\/pages\/1505\/revisions\/1571"}],"wp:attachment":[{"href":"https:\/\/svjetlish.com\/en\/wp-json\/wp\/v2\/media?parent=1505"}],"curies":[{"name":"wp","href":"https:\/\/api.w.org\/{rel}","templated":true}]}}